{"id":9,"date":"2025-07-01T21:07:07","date_gmt":"2025-07-01T21:07:07","guid":{"rendered":"https:\/\/www.martaysantiago.es\/?page_id=9"},"modified":"2025-10-15T08:49:35","modified_gmt":"2025-10-15T08:49:35","slug":"inicio","status":"publish","type":"page","link":"https:\/\/www.martaysantiago.es\/","title":{"rendered":"Inicio"},"content":{"rendered":"<p>[et_pb_section fb_built=&#8221;1&#8243; module_id=&#8221;informacion&#8221; _builder_version=&#8221;4.27.4&#8243; _module_preset=&#8221;default&#8221; background_color=&#8221;#FFFFFF&#8221; background_enable_image=&#8221;off&#8221; background_size=&#8221;initial&#8221; global_colors_info=&#8221;{}&#8221;][et_pb_row _builder_version=&#8221;4.27.4&#8243; _module_preset=&#8221;default&#8221; global_colors_info=&#8221;{}&#8221;][et_pb_column type=&#8221;4_4&#8243; _builder_version=&#8221;4.27.4&#8243; _module_preset=&#8221;default&#8221; global_colors_info=&#8221;{}&#8221;][et_pb_text _builder_version=&#8221;4.27.4&#8243; _module_preset=&#8221;default&#8221; text_orientation=&#8221;center&#8221; global_colors_info=&#8221;{}&#8221;]<\/p>\n<h1>Marta y Santiago<\/h1>\n<p>Tenemos el gusto de invitaros a la ceremonia religiosa que se celebrar\u00e1 el s\u00e1bado 22 de noviembre de 2025.<\/p>\n<p>[\/et_pb_text][\/et_pb_column][\/et_pb_row][et_pb_row column_structure=&#8221;1_2,1_2&#8243; disabled_on=&#8221;on|on|off&#8221; _builder_version=&#8221;4.27.4&#8243; _module_preset=&#8221;default&#8221; background_color=&#8221;RGBA(255,255,255,0)&#8221; background_image=&#8221;https:\/\/www.martaysantiago.es\/wp-content\/uploads\/2025\/07\/SaCo-Acuarela.jpg&#8221; background_size=&#8221;initial&#8221; custom_margin=&#8221;32px||||false|false&#8221; custom_margin_tablet=&#8221;32px||||false|false&#8221; custom_margin_phone=&#8221;32px||||false|false&#8221; custom_margin_last_edited=&#8221;on|desktop&#8221; global_colors_info=&#8221;{}&#8221;][et_pb_column type=&#8221;1_2&#8243; _builder_version=&#8221;4.27.4&#8243; _module_preset=&#8221;default&#8221; global_colors_info=&#8221;{}&#8221;][et_pb_text _builder_version=&#8221;4.27.4&#8243; _module_preset=&#8221;default&#8221; width=&#8221;75%&#8221; module_alignment=&#8221;left&#8221; global_colors_info=&#8221;{}&#8221;]<\/p>\n<h2>Ceremonia<\/h2>\n<p>La misa tendr\u00e1 lugar (D. M.) en la Parroquia Sagrados Corazones a las 13:00 h.<\/p>\n<p>[\/et_pb_text][et_pb_button button_url=&#8221;https:\/\/maps.app.goo.gl\/kpRwFSnQupnUGnKh7&#8243; url_new_window=&#8221;on&#8221; button_text=&#8221;Maps iglesia SSCC &#8221; _builder_version=&#8221;4.27.4&#8243; _module_preset=&#8221;default&#8221; custom_button=&#8221;on&#8221; button_text_size=&#8221;16px&#8221; button_border_radius=&#8221;10px&#8221; button_icon=&#8221;&#xe01f;||divi||400&#8243; button_on_hover=&#8221;off&#8221; global_colors_info=&#8221;{}&#8221;][\/et_pb_button][\/et_pb_column][et_pb_column type=&#8221;1_2&#8243; _builder_version=&#8221;4.27.4&#8243; _module_preset=&#8221;default&#8221; global_colors_info=&#8221;{}&#8221;][et_pb_text _builder_version=&#8221;4.27.4&#8243; _module_preset=&#8221;default&#8221; text_orientation=&#8221;right&#8221; max_width=&#8221;75%&#8221; module_alignment=&#8221;right&#8221; global_colors_info=&#8221;{}&#8221;]<\/p>\n<h2>Celebraci\u00f3n<\/h2>\n<p>Luego lo celebraremos juntos en el Club de Tiro de El Pardo a las 15:00 hasta las 23:00 h.<\/p>\n<p>[\/et_pb_text][et_pb_button button_url=&#8221;https:\/\/maps.app.goo.gl\/3qzBTHdaYAEXrRF57&#8243; url_new_window=&#8221;on&#8221; button_text=&#8221;Maps Club de Tiro &#8221; button_alignment=&#8221;right&#8221; _builder_version=&#8221;4.27.4&#8243; _module_preset=&#8221;default&#8221; custom_button=&#8221;on&#8221; button_text_size=&#8221;16px&#8221; button_border_radius=&#8221;10px&#8221; button_icon=&#8221;&#xe01f;||divi||400&#8243; button_on_hover=&#8221;off&#8221; global_colors_info=&#8221;{}&#8221;][\/et_pb_button][\/et_pb_column][\/et_pb_row][et_pb_row disabled_on=&#8221;off|off|on&#8221; _builder_version=&#8221;4.27.4&#8243; _module_preset=&#8221;default&#8221; background_color=&#8221;RGBA(255,255,255,0)&#8221; background_enable_image=&#8221;off&#8221; background_size=&#8221;initial&#8221; global_colors_info=&#8221;{}&#8221;][et_pb_column type=&#8221;4_4&#8243; _builder_version=&#8221;4.27.4&#8243; _module_preset=&#8221;default&#8221; global_colors_info=&#8221;{}&#8221;][et_pb_text _builder_version=&#8221;4.27.4&#8243; _module_preset=&#8221;default&#8221; text_orientation=&#8221;center&#8221; module_alignment=&#8221;left&#8221; global_colors_info=&#8221;{}&#8221;]<\/p>\n<h2>Ceremonia<\/h2>\n<p>La misa tendr\u00e1 lugar (D. M.) en la Parroquia Sagrados Corazones a las 13:00 h.<\/p>\n<p>[\/et_pb_text][et_pb_button button_url=&#8221;https:\/\/maps.app.goo.gl\/kpRwFSnQupnUGnKh7&#8243; url_new_window=&#8221;on&#8221; button_text=&#8221;Maps iglesia SSCC &#8221; button_alignment=&#8221;center&#8221; _builder_version=&#8221;4.27.4&#8243; _module_preset=&#8221;default&#8221; custom_button=&#8221;on&#8221; button_text_size=&#8221;16px&#8221; button_border_radius=&#8221;10px&#8221; button_icon=&#8221;&#xe01f;||divi||400&#8243; button_on_hover=&#8221;off&#8221; global_colors_info=&#8221;{}&#8221;][\/et_pb_button][et_pb_text _builder_version=&#8221;4.27.4&#8243; _module_preset=&#8221;default&#8221; text_orientation=&#8221;center&#8221; module_alignment=&#8221;left&#8221; global_colors_info=&#8221;{}&#8221;]<\/p>\n<h2>Celebraci\u00f3n<\/h2>\n<p>Luego lo celebraremos juntos en el Club de Tiro de El Pardo a las 15:00 h. hasta las 23:00 h.<\/p>\n<p>[\/et_pb_text][et_pb_button button_url=&#8221;https:\/\/maps.app.goo.gl\/3qzBTHdaYAEXrRF57&#8243; url_new_window=&#8221;on&#8221; button_text=&#8221;Maps Club de Tiro &#8221; button_alignment=&#8221;center&#8221; _builder_version=&#8221;4.27.4&#8243; _module_preset=&#8221;default&#8221; custom_button=&#8221;on&#8221; button_text_size=&#8221;16px&#8221; button_border_radius=&#8221;10px&#8221; button_icon=&#8221;&#xe01f;||divi||400&#8243; button_on_hover=&#8221;off&#8221; global_colors_info=&#8221;{}&#8221;][\/et_pb_button][et_pb_image src=&#8221;https:\/\/www.martaysantiago.es\/wp-content\/uploads\/2025\/07\/SaCo-Acuarela.jpg&#8221; title_text=&#8221;SaCo Acuarela&#8221; align=&#8221;center&#8221; _builder_version=&#8221;4.27.4&#8243; _module_preset=&#8221;default&#8221; global_colors_info=&#8221;{}&#8221;][\/et_pb_image][\/et_pb_column][\/et_pb_row][et_pb_row _builder_version=&#8221;4.27.4&#8243; _module_preset=&#8221;default&#8221; custom_margin=&#8221;32px||||false|false&#8221; global_colors_info=&#8221;{}&#8221;][et_pb_column type=&#8221;4_4&#8243; _builder_version=&#8221;4.27.4&#8243; _module_preset=&#8221;default&#8221; global_colors_info=&#8221;{}&#8221;][et_pb_text _builder_version=&#8221;4.27.4&#8243; _module_preset=&#8221;default&#8221; text_orientation=&#8221;center&#8221; global_colors_info=&#8221;{}&#8221;]<\/p>\n<h1>Transporte<\/h1>\n<p>Pod\u00e9is acudir en veh\u00edculo particular tanto a la Iglesia de los Sagrados Corazones como al Club de Tiro de El Pardo. Este \u00faltimo dispone de aparcamiento privado para los invitados.<\/p>\n<p>Tambi\u00e9n habr\u00e1 servicio de <span style=\"text-decoration: underline;\"><strong>autob\u00fas<\/strong><\/span>: al finalizar la ceremonia, saldr\u00e1 de la Iglesia de los Sagrados Corazones con destino al Club de Tiro de El Pardo; y, al terminar la celebraci\u00f3n \u2014a las 23:00 h.\u2014, regresar\u00e1 desde el Club de Tiro de El Pardo hasta Bernab\u00e9u.<\/p>\n<p>[\/et_pb_text][\/et_pb_column][\/et_pb_row][\/et_pb_section][et_pb_section fb_built=&#8221;1&#8243; module_id=&#8221;confirmacion&#8221; _builder_version=&#8221;4.27.4&#8243; _module_preset=&#8221;default&#8221; background_color=&#8221;#F9F5EF&#8221; global_colors_info=&#8221;{}&#8221;][et_pb_row _builder_version=&#8221;4.27.4&#8243; _module_preset=&#8221;default&#8221; global_colors_info=&#8221;{}&#8221;][et_pb_column type=&#8221;4_4&#8243; _builder_version=&#8221;4.27.4&#8243; _module_preset=&#8221;default&#8221; global_colors_info=&#8221;{}&#8221;][et_pb_text _builder_version=&#8221;4.27.4&#8243; _module_preset=&#8221;default&#8221; global_colors_info=&#8221;{}&#8221;]<\/p>\n<h2>Confirmaci\u00f3n asistencia<\/h2>\n<p>*Si has sido a\u00f1adido como acompa\u00f1ante en otro formulario no hace falta que lo vuelvas a confirmar.<\/p>\n<p>[\/et_pb_text][de_fb_form form_id=&#8221;conf-asist&#8221; submit_button_text=&#8221;Enviar&#8221; scrollto_form_after_submit=&#8221;off&#8221; message_position=&#8221;after_button&#8221; success_message=&#8221;Gracias por confirmar tu asistencia.&#8221; failed_message=&#8221;Algo no funciona bien. Ponte en contacto dir\u00e9ctamente con nosotros.&#8221; save_to_database=&#8221;on&#8221; radio_checkbox_checked_color=&#8221;#C1683E&#8221; use_honeypot_captcha=&#8221;off&#8221; _builder_version=&#8221;4.27.4&#8243; _module_preset=&#8221;default&#8221; _unique_id=&#8221;bccd9a05-21c6-40e1-97c0-28a39ac11558&#8243; form_field_background_color=&#8221;#FFFFFF&#8221; label_text_text_color=&#8221;#333333&#8243; placeholder_text_text_color=&#8221;#333333&#8243; field_description_text_color=&#8221;#333333&#8243; custom_button=&#8221;on&#8221; button_text_size=&#8221;16px&#8221; button_border_radius=&#8221;10px&#8221; button_icon=&#8221;&#x39;||divi||400&#8243; hover_enabled=&#8221;0&#8243; global_colors_info=&#8221;{}&#8221; sticky_enabled=&#8221;0&#8243;][de_fb_form_field field_title=&#8221;\u00bfConfirmas tu asistencia? &#8221; admin_title=&#8221;conf_asist&#8221; field_id=&#8221;conf_asist&#8221; field_type=&#8221;radio&#8221; checkbox_options=&#8221;%91{%22value%22:%22\u00bfConfirmas tu asistencia?%22,%22checked%22:0,%22dragID%22:-1}%93&#8243; radio_options=&#8221;%91{%22value%22:%22S\u00ed%22,%22checked%22:0,%22dragID%22:-1},{%22value%22:%22No%22,%22checked%22:0,%22dragID%22:0}%93&#8243; required_mark=&#8221;on&#8221; required_message=&#8221;Este campo es obligatorio&#8221; field_label_position=&#8221;top&#8221; _builder_version=&#8221;4.27.4&#8243; _module_preset=&#8221;default&#8221; global_colors_info=&#8221;{}&#8221; form_step=&#8221;0&#8243; current_step=&#8221;0&#8243;][\/de_fb_form_field][de_fb_form_field field_title=&#8221;nombre_1&#8243; admin_title=&#8221;Nombre 1&#8243; field_id=&#8221;nombre_1_2&#8243; default_value_for_calculation=&#8221;Indica tu nombre y apellidos&#8221; required_mark=&#8221;on&#8221; required_message=&#8221;Este campo es obligatorio.&#8221; field_placeholder=&#8221;Indica tu nombre y apellidos&#8221; _builder_version=&#8221;4.27.4&#8243; _module_preset=&#8221;default&#8221; global_colors_info=&#8221;{}&#8221; form_step=&#8221;0&#8243; current_step=&#8221;0&#8243;][\/de_fb_form_field][de_fb_form_field field_title=&#8221;\u00bfVienes con acompa\u00f1ante? &#8221; admin_title=&#8221;acom&#8221; field_id=&#8221;acom&#8221; field_type=&#8221;radio&#8221; checkbox_options=&#8221;%91{%22value%22:%22\u00bfConfirmas tu asistencia?%22,%22checked%22:0,%22dragID%22:-1}%93&#8243; radio_options=&#8221;%91{%22value%22:%22S\u00ed%22,%22checked%22:0,%22dragID%22:-1},{%22value%22:%22No%22,%22checked%22:0,%22dragID%22:0}%93&#8243; required_mark=&#8221;on&#8221; required_message=&#8221;Este campo es obligatorio&#8221; field_label_position=&#8221;top&#8221; conditional_logic=&#8221;on&#8221; conditional_logic_relation=&#8221;on&#8221; conditional_logic_rules=&#8221;%91{%22field%22:%22conf_asist%22,%22condition%22:%22is%22,%22value%22:%22S\u00ed%22}%93&#8243; _builder_version=&#8221;4.27.4&#8243; _module_preset=&#8221;default&#8221; global_colors_info=&#8221;{}&#8221; form_step=&#8221;0&#8243; current_step=&#8221;0&#8243;][\/de_fb_form_field][de_fb_form_field field_title=&#8221;nombre_2&#8243; admin_title=&#8221;Nombre 2&#8243; field_id=&#8221;nombre_2&#8243; default_value_for_calculation=&#8221;Indica el nombre y apellidos de tu acompa\u00f1ante&#8221; required_mark=&#8221;on&#8221; required_message=&#8221;Este campo es obligatorio.&#8221; field_placeholder=&#8221;Indica el nombre y apellidos de tu acompa\u00f1ante&#8221; conditional_logic=&#8221;on&#8221; conditional_logic_relation=&#8221;on&#8221; conditional_logic_rules=&#8221;%91{%22field%22:%22acom%22,%22condition%22:%22is%22,%22value%22:%22S\u00ed%22}%93&#8243; _builder_version=&#8221;4.27.4&#8243; _module_preset=&#8221;default&#8221; global_colors_info=&#8221;{}&#8221; form_step=&#8221;0&#8243; current_step=&#8221;0&#8243;][\/de_fb_form_field][de_fb_form_field field_title=&#8221;\u00bfVienes con ni\u00f1os? &#8221; admin_title=&#8221;ninos&#8221; field_id=&#8221;ninos&#8221; field_type=&#8221;radio&#8221; checkbox_options=&#8221;%91{%22value%22:%22\u00bfConfirmas tu asistencia?%22,%22checked%22:0,%22dragID%22:-1}%93&#8243; radio_options=&#8221;%91{%22value%22:%22S\u00ed%22,%22checked%22:0,%22dragID%22:-1},{%22value%22:%22No%22,%22checked%22:0,%22dragID%22:0}%93&#8243; required_mark=&#8221;on&#8221; required_message=&#8221;Este campo es obligatorio.&#8221; field_label_position=&#8221;top&#8221; conditional_logic=&#8221;on&#8221; conditional_logic_relation=&#8221;on&#8221; conditional_logic_rules=&#8221;%91{%22field%22:%22conf_asist%22,%22condition%22:%22is%22,%22value%22:%22S\u00ed%22}%93&#8243; _builder_version=&#8221;4.27.4&#8243; _module_preset=&#8221;default&#8221; global_colors_info=&#8221;{}&#8221; form_step=&#8221;0&#8243; current_step=&#8221;0&#8243;][\/de_fb_form_field][de_fb_form_field field_title=&#8221;nombre_nino_1&#8243; admin_title=&#8221;Nombre ni\u00f1o 1&#8243; field_id=&#8221;nombre_nino_1&#8243; required_mark=&#8221;on&#8221; required_message=&#8221;Este campo es obligatorio.&#8221; field_placeholder=&#8221;Indica el nombre del ni\u00f1o 1&#8243; conditional_logic=&#8221;on&#8221; conditional_logic_relation=&#8221;on&#8221; conditional_logic_rules=&#8221;%91{%22field%22:%22ninos%22,%22condition%22:%22is%22,%22value%22:%22S\u00ed%22}%93&#8243; _builder_version=&#8221;4.27.4&#8243; _module_preset=&#8221;default&#8221; global_colors_info=&#8221;{}&#8221; form_step=&#8221;0&#8243; current_step=&#8221;0&#8243;][\/de_fb_form_field][de_fb_form_field field_title=&#8221;nombre_nino_2&#8243; admin_title=&#8221;Nombre ni\u00f1o 2&#8243; field_id=&#8221;nombre_nino_2&#8243; field_placeholder=&#8221;Indica el nombre del ni\u00f1o 2&#8243; conditional_logic=&#8221;on&#8221; conditional_logic_relation=&#8221;on&#8221; conditional_logic_rules=&#8221;%91{%22field%22:%22nombre_nino_1%22,%22condition%22:%22is not empty%22,%22value%22:%22S\u00ed%22}%93&#8243; _builder_version=&#8221;4.27.4&#8243; _module_preset=&#8221;default&#8221; global_colors_info=&#8221;{}&#8221; form_step=&#8221;0&#8243; current_step=&#8221;0&#8243;][\/de_fb_form_field][de_fb_form_field field_title=&#8221;\u00bfNecesitas autob\u00fas? &#8221; admin_title=&#8221;bus&#8221; field_id=&#8221;bus&#8221; field_type=&#8221;radio&#8221; checkbox_options=&#8221;%91{%22value%22:%22\u00bfConfirmas tu asistencia?%22,%22checked%22:0,%22dragID%22:-1}%93&#8243; radio_options=&#8221;%91{%22value%22:%22S\u00f3lo ida%22,%22checked%22:0,%22dragID%22:-1},{%22value%22:%22S\u00f3lo vuelta%22,%22checked%22:0,%22dragID%22:0},{%22value%22:%22Ida y vuelta%22,%22checked%22:0,%22dragID%22:1},{%22value%22:%22No%22,%22checked%22:0,%22dragID%22:2}%93&#8243; required_mark=&#8221;on&#8221; required_message=&#8221;Este campo es obligatorio.&#8221; field_label_position=&#8221;top&#8221; conditional_logic=&#8221;on&#8221; conditional_logic_relation=&#8221;on&#8221; conditional_logic_rules=&#8221;%91{%22field%22:%22conf_asist%22,%22condition%22:%22is%22,%22value%22:%22S\u00ed%22}%93&#8243; _builder_version=&#8221;4.27.4&#8243; _module_preset=&#8221;default&#8221; global_colors_info=&#8221;{}&#8221; form_step=&#8221;0&#8243; current_step=&#8221;0&#8243;][\/de_fb_form_field][de_fb_form_field field_title=&#8221;\u00bfHay alguna alergia que debamos tener en cuenta? &#8221; admin_title=&#8221;alergia&#8221; field_id=&#8221;alergia&#8221; field_type=&#8221;radio&#8221; checkbox_options=&#8221;%91{%22value%22:%22\u00bfConfirmas tu asistencia?%22,%22checked%22:0,%22dragID%22:-1}%93&#8243; radio_options=&#8221;%91{%22value%22:%22S\u00ed%22,%22checked%22:0,%22dragID%22:-1},{%22value%22:%22No%22,%22checked%22:0,%22dragID%22:0}%93&#8243; required_mark=&#8221;on&#8221; required_message=&#8221;Este campo es obligatorio.&#8221; field_label_position=&#8221;top&#8221; conditional_logic=&#8221;on&#8221; conditional_logic_relation=&#8221;on&#8221; conditional_logic_rules=&#8221;%91{%22field%22:%22conf_asist%22,%22condition%22:%22is%22,%22value%22:%22S\u00ed%22}%93&#8243; _builder_version=&#8221;4.27.4&#8243; _module_preset=&#8221;default&#8221; global_colors_info=&#8221;{}&#8221; form_step=&#8221;0&#8243; current_step=&#8221;0&#8243;][\/de_fb_form_field][de_fb_form_field field_title=&#8221;alergia_2&#8243; admin_title=&#8221;alergia_2&#8243; field_id=&#8221;alergia_2&#8243; required_mark=&#8221;on&#8221; required_message=&#8221;Este campo es obligatorio.&#8221; field_placeholder=&#8221;Ind\u00edcanos cu\u00e1l&#8221; conditional_logic=&#8221;on&#8221; conditional_logic_relation=&#8221;on&#8221; conditional_logic_rules=&#8221;%91{%22field%22:%22alergia%22,%22condition%22:%22is%22,%22value%22:%22S\u00ed%22}%93&#8243; _builder_version=&#8221;4.27.4&#8243; _module_preset=&#8221;default&#8221; global_colors_info=&#8221;{}&#8221; form_step=&#8221;0&#8243; current_step=&#8221;0&#8243;][\/de_fb_form_field][\/de_fb_form][\/et_pb_column][\/et_pb_row][\/et_pb_section][et_pb_section fb_built=&#8221;1&#8243; module_id=&#8221;lista-bodas&#8221; _builder_version=&#8221;4.27.4&#8243; _module_preset=&#8221;default&#8221; global_colors_info=&#8221;{}&#8221;][et_pb_row column_structure=&#8221;3_5,2_5&#8243; _builder_version=&#8221;4.27.4&#8243; _module_preset=&#8221;default&#8221; global_colors_info=&#8221;{}&#8221;][et_pb_column type=&#8221;3_5&#8243; _builder_version=&#8221;4.27.4&#8243; _module_preset=&#8221;default&#8221; global_colors_info=&#8221;{}&#8221;][et_pb_text _builder_version=&#8221;4.27.4&#8243; _module_preset=&#8221;default&#8221; text_orientation=&#8221;center&#8221; global_colors_info=&#8221;{}&#8221;]<\/p>\n<h2>Lista de bodas<\/h2>\n<p>Estamos muy contentos de que nos acompa\u00f1es en este d\u00eda tan especial.<br \/>Si quieres contribuir a nuestro proyecto de vida juntos, encontrar\u00e1s nuestros datos a continuaci\u00f3n:<\/p>\n<p>[\/et_pb_text][et_pb_text _builder_version=&#8221;4.27.4&#8243; _module_preset=&#8221;default&#8221; text_orientation=&#8221;center&#8221; global_colors_info=&#8221;{}&#8221;]<\/p>\n<h3>IBAN<\/h3>\n<p>ES60 2100 4967 1122 0022 0537<\/p>\n<p>[\/et_pb_text][et_pb_divider color=&#8221;#C1683E&#8221; _builder_version=&#8221;4.27.4&#8243; _module_preset=&#8221;default&#8221; global_colors_info=&#8221;{}&#8221;][\/et_pb_divider][et_pb_text _builder_version=&#8221;4.27.4&#8243; _module_preset=&#8221;default&#8221; text_orientation=&#8221;center&#8221; global_colors_info=&#8221;{}&#8221;]<\/p>\n<h2>S\u00ed necesit\u00e1is contactar con nosotros:<\/h2>\n<p>Marta: +34 669 08 02 72<br \/>Santiago: +34 646 70 17 79<\/p>\n<p>[\/et_pb_text][\/et_pb_column][et_pb_column type=&#8221;2_5&#8243; _builder_version=&#8221;4.27.4&#8243; _module_preset=&#8221;default&#8221; global_colors_info=&#8221;{}&#8221;][et_pb_image src=&#8221;https:\/\/www.martaysantiago.es\/wp-content\/uploads\/2025\/07\/20.webp&#8221; title_text=&#8221;20&#8243; _builder_version=&#8221;4.27.4&#8243; _module_preset=&#8221;default&#8221; width=&#8221;66%&#8221; module_alignment=&#8221;center&#8221; global_colors_info=&#8221;{}&#8221;][\/et_pb_image][\/et_pb_column][\/et_pb_row][\/et_pb_section]<\/p>\n","protected":false},"excerpt":{"rendered":"<p>Marta y Santiago Tenemos el gusto de invitaros a la ceremonia religiosa que se celebrar\u00e1 el s\u00e1bado 22 de noviembre de 2025.Ceremonia La misa tendr\u00e1 lugar (D. M.) en la Parroquia Sagrados Corazones a las 13:00 h.Celebraci\u00f3n Luego lo celebraremos juntos en el Club de Tiro de El Pardo a las 15:00 hasta las 23:00 [&hellip;]<\/p>\n","protected":false},"author":1,"featured_media":0,"parent":0,"menu_order":0,"comment_status":"closed","ping_status":"closed","template":"","meta":{"_et_pb_use_builder":"on","_et_pb_old_content":"<!-- wp:divi\/placeholder \/-->","_et_gb_content_width":"","footnotes":""},"class_list":["post-9","page","type-page","status-publish","hentry"],"_links":{"self":[{"href":"https:\/\/www.martaysantiago.es\/index.php?rest_route=\/wp\/v2\/pages\/9","targetHints":{"allow":["GET"]}}],"collection":[{"href":"https:\/\/www.martaysantiago.es\/index.php?rest_route=\/wp\/v2\/pages"}],"about":[{"href":"https:\/\/www.martaysantiago.es\/index.php?rest_route=\/wp\/v2\/types\/page"}],"author":[{"embeddable":true,"href":"https:\/\/www.martaysantiago.es\/index.php?rest_route=\/wp\/v2\/users\/1"}],"replies":[{"embeddable":true,"href":"https:\/\/www.martaysantiago.es\/index.php?rest_route=%2Fwp%2Fv2%2Fcomments&post=9"}],"version-history":[{"count":42,"href":"https:\/\/www.martaysantiago.es\/index.php?rest_route=\/wp\/v2\/pages\/9\/revisions"}],"predecessor-version":[{"id":158,"href":"https:\/\/www.martaysantiago.es\/index.php?rest_route=\/wp\/v2\/pages\/9\/revisions\/158"}],"wp:attachment":[{"href":"https:\/\/www.martaysantiago.es\/index.php?rest_route=%2Fwp%2Fv2%2Fmedia&parent=9"}],"curies":[{"name":"wp","href":"https:\/\/api.w.org\/{rel}","templated":true}]}}